{"id":403,"date":"2021-01-16T12:53:54","date_gmt":"2021-01-16T11:53:54","guid":{"rendered":"http:\/\/apdg.fr\/?page_id=403"},"modified":"2021-01-17T11:15:19","modified_gmt":"2021-01-17T10:15:19","slug":"la-mutuelle","status":"publish","type":"page","link":"https:\/\/apdg.fr\/?page_id=403","title":{"rendered":"La Mutuelle"},"content":{"rendered":"\n<p>Il n&rsquo;existe aucune mutuelle ayant des relations avec l&rsquo;Association des Peigneurs De Girafe. <\/p>\n\n\n\n<p>A notre connaissance il n&rsquo;existe pas de Mutuelle des Peigneurs De Girafe (MPDG). On trouve cependant des personnes dispos\u00e9es \u00e0 parler avec autorit\u00e9 de ses tarifs et de ses grilles de garanties&#8230;<\/p>\n","protected":false},"excerpt":{"rendered":"<p>Il n&rsquo;existe aucune mutuelle ayant des relations avec l&rsquo;Association des Peigneurs De Girafe. A notre connaissance il n&rsquo;existe pas de Mutuelle des Peigneurs De Girafe (MPDG). On trouve cependant des personnes dispos\u00e9es \u00e0 parler avec autorit\u00e9 de ses tarifs et de ses grilles de garanties&#8230;<\/p>\n","protected":false},"author":5,"featured_media":0,"parent":0,"menu_order":0,"comment_status":"closed","ping_status":"closed","template":"","meta":{"footnotes":""},"_links":{"self":[{"href":"https:\/\/apdg.fr\/index.php?rest_route=\/wp\/v2\/pages\/403"}],"collection":[{"href":"https:\/\/apdg.fr\/index.php?rest_route=\/wp\/v2\/pages"}],"about":[{"href":"https:\/\/apdg.fr\/index.php?rest_route=\/wp\/v2\/types\/page"}],"author":[{"embeddable":true,"href":"https:\/\/apdg.fr\/index.php?rest_route=\/wp\/v2\/users\/5"}],"replies":[{"embeddable":true,"href":"https:\/\/apdg.fr\/index.php?rest_route=%2Fwp%2Fv2%2Fcomments&post=403"}],"version-history":[{"count":5,"href":"https:\/\/apdg.fr\/index.php?rest_route=\/wp\/v2\/pages\/403\/revisions"}],"predecessor-version":[{"id":410,"href":"https:\/\/apdg.fr\/index.php?rest_route=\/wp\/v2\/pages\/403\/revisions\/410"}],"wp:attachment":[{"href":"https:\/\/apdg.fr\/index.php?rest_route=%2Fwp%2Fv2%2Fmedia&parent=403"}],"curies":[{"name":"wp","href":"https:\/\/api.w.org\/{rel}","templated":true}]}}